{"id":2637,"date":"2018-04-30T17:14:47","date_gmt":"2018-04-30T15:14:47","guid":{"rendered":"https:\/\/xn--mrage-cta.com\/?page_id=2637"},"modified":"2018-04-30T17:15:35","modified_gmt":"2018-04-30T15:15:35","slug":"offline-terms-and-conditions","status":"publish","type":"page","link":"https:\/\/xn--mrage-cta.com\/en\/offline-terms-and-conditions\/","title":{"rendered":"Offline terms and conditions"},"content":{"rendered":"<h1 class=\"p1\" style=\"text-align: center;\"><span class=\"s1\"><b>CONDITIONS GENERALES DE VENTE DE PRODUITS ET SERVICES HORS LIGNE<\/b><\/span><\/h1>\n<p class=\"p3\"><span class=\"s1\"><b>Pr\u00e9ambule<\/b><\/span><\/p>\n<p class=\"p3\"><span class=\"s1\">La soci\u00e9t\u00e9 M\u00cfRAGE invite les Clients \u00e0 lire attentivement les pr\u00e9sentes Conditions G\u00e9n\u00e9rales de Vente (ci-apr\u00e8s \u00ab\u00a0CGV\u00a0\u00bb). <\/span><\/p>\n<p class=\"p3\"><span class=\"s1\">En cas de modification ult\u00e9rieure des CGV, le Client est soumis \u00e0 la version en vigueur lors de sa Commande. Si une ou plusieurs clauses des CGV venaient \u00e0 devenir caduque ou nulle en raison notamment d\u2019une modification l\u00e9gislative, cela n\u2019affectera pas la validit\u00e9 des autres clauses qui conserveront tous leurs effets.<\/span><\/p>\n<ol class=\"ol1\">\n<li class=\"li4\"><b><\/b><span class=\"s2\"><b>Objet du contrat<\/b><\/span><\/li>\n<\/ol>\n<p class=\"p5\"><span class=\"s1\">La soci\u00e9t\u00e9 M\u00cfRAGE (ci-apr\u00e8s \u00ab\u00a0M\u00cfRAGE\u00a0\u00bb) est une soci\u00e9t\u00e9 par actions simplifi\u00e9e au capital social de \u20ac 30.000 dont le si\u00e8ge social est situ\u00e9 125 rue du Faubourg Saint-Honor\u00e9, 75008, Paris et immatricul\u00e9e au Registre du commerce et des soci\u00e9t\u00e9s de Paris sous le num\u00e9ro 819\u00a0995\u00a0127. <\/span><\/p>\n<p class=\"p5\"><span class=\"s1\">La soci\u00e9t\u00e9 M\u00cfRAGE propose \u00e0 ses Adh\u00e9rents, sous son nom commercial M\u00cfRAGE, des ventes de Produits services exclusifs par le biais de son Site internet et en leur r\u00e9servant l\u2019acc\u00e8s \u00e0 des \u00e9v\u00e8nements ponctuels. <b> <\/b><\/span><\/p>\n<p class=\"p5\"><span class=\"s1\">La soci\u00e9t\u00e9 MIRAGE propose \u00e9galement \u00e0 ses Adh\u00e9rents et \u00e0 ses Clients des ventes de Produits et de Services dans des boutiques \u00e9ph\u00e9m\u00e8res.\u00a0<\/span><\/p>\n<p class=\"p3\"><span class=\"s1\">Les pr\u00e9sentes CGV encadrent les conditions dans lesquelles la soci\u00e9t\u00e9 M\u00cfRAGE vend ses produits \u00e0 ses clients non-professionnels par voie directe ou voie papier, dans des boutiques \u00e9ph\u00e9m\u00e8res. <\/span><\/p>\n<p class=\"p3\"><span class=\"s1\">Elles s\u2019appliquent \u00e0 toutes les ventes conclues par la soci\u00e9t\u00e9 M\u00cfRAGE. <\/span><\/p>\n<p class=\"p3\"><span class=\"s1\">Elles sont syst\u00e9matiquement communiqu\u00e9es au client qui en fait la demande. <\/span><\/p>\n<p class=\"p3\"><span class=\"s1\">La passation d\u2019une commande implique l\u2019acceptation des CGV. Il revient au client d\u2019en tenir compte avant son achat. Les photographies ou graphisme pr\u00e9sent\u00e9s sur des prospectus ne sont pas contractuels. <\/span><\/p>\n<p class=\"p3\"><span class=\"s1\">Le Client reconnait en avoir pris connaissance et les avoir accept\u00e9es avant d\u2019effectuer la commande. <\/span><\/p>\n<p class=\"p3\"><span class=\"s1\">En cas de modification ult\u00e9rieure des CGV, le Client est soumis \u00e0 la version en vigueur lors de sa Commande. <\/span><\/p>\n<ol class=\"ol1\">\n<li class=\"li4\"><b><\/b><span class=\"s2\"><b>D\u00e9finitions <\/b><\/span><\/li>\n<\/ol>\n<ul class=\"ul1\">\n<li class=\"li4\"><span class=\"s2\"><b>Adh\u00e9rent\u00a0\u00bb <\/b>ou<b> \u00ab\u00a0Adh\u00e9rents\u00a0\u00bb\u00a0: <\/b>d\u00e9signe(nt) toutes personnes qui ont fait une demande d\u2019adh\u00e9sion au service conform\u00e9ment aux prescriptions de l\u2019article 4 des pr\u00e9sentes CGA et apr\u00e8s validation discr\u00e9tionnaire de cette demande par M\u00cfRAGE\u00a0; <\/span><\/li>\n<\/ul>\n<ul class=\"ul1\">\n<li class=\"li4\"><span class=\"s2\">\u00ab<b>\u00a0Client<\/b>\u00a0\u00bb<b>\u00a0<\/b>d\u00e9signe l\u2019Adh\u00e9rent ou toute autre personne ayant pass\u00e9 commande d\u2019un produit vendu\u00a0\u00e0 l\u2019occasion de l\u2019\u00e9v\u00e8nement ; <\/span><\/li>\n<\/ul>\n<ul class=\"ul1\">\n<li class=\"li4\"><span class=\"s2\">\u00ab\u00a0<b>Commande<\/b>\u00a0\u00bb d\u00e9signe toute commande pass\u00e9e par le Client par voie orale ou par support papier\u00a0; <\/span><\/li>\n<\/ul>\n<ul class=\"ul1\">\n<li class=\"li4\"><span class=\"s2\">\u00ab<b>\u00a0Conditions G\u00e9n\u00e9rales de Vente ou CGV<\/b>\u00a0\u00bb d\u00e9signent le pr\u00e9sent document\u00a0; <\/span><\/li>\n<\/ul>\n<ul class=\"ul1\">\n<li class=\"li4\"><span class=\"s2\">\u00ab\u00a0<b>Consommateur<\/b>\u00a0\u00bb d\u00e9signe l\u2019acheteur personne physique qui agit hors de son activit\u00e9 professionnelle\u00a0; <\/span><\/li>\n<\/ul>\n<ul class=\"ul1\">\n<li class=\"li4\"><span class=\"s2\">\u00ab\u00a0<b>Produits<\/b>\u00a0\u00bb d\u00e9signe les choses mat\u00e9rielles pouvant faire l\u2019objet d\u2019une appropriation qui sont propos\u00e9es \u00e0 la vente\u00a0; <\/span><\/li>\n<\/ul>\n<ul class=\"ul1\">\n<li class=\"li4\"><span class=\"s2\">\u00ab\u00a0<b>Services<\/b>\u00a0\u00bb d\u00e9signe les services propos\u00e9s \u00e0 la vente par M\u00cfRAGE ;<\/span><\/li>\n<\/ul>\n<ul class=\"ul1\">\n<li class=\"li4\"><span class=\"s2\">\u00ab\u00a0<b>Soci\u00e9t\u00e9<\/b>\u00a0\u00bb d\u00e9signe la soci\u00e9t\u00e9 M\u00cfRAGE, plus amplement d\u00e9crite \u00e0 l\u2019article 1 des pr\u00e9sentes. <\/span><\/li>\n<\/ul>\n<ol class=\"ol1\">\n<li class=\"li4\"><b><\/b><span class=\"s2\"><b>Commandes<\/b><\/span><\/li>\n<\/ol>\n<p class=\"p3\"><span class=\"s1\">Les Commandes sont pass\u00e9es par le Client par voie directe. <\/span><\/p>\n<p class=\"p3\"><span class=\"s1\">Si le client fait une commande sur mesure, la vente sera r\u00e9alis\u00e9e apr\u00e8s \u00e9tablissement d\u2019un devis, acceptation de ce devis par le Client et acceptation expresse de la Commande par M\u00cfRAGE.<\/span><\/p>\n<ol class=\"ol1\">\n<li class=\"li4\"><b><\/b><span class=\"s2\"><b>Produits et prix<\/b><\/span><\/li>\n<\/ol>\n<p class=\"p3\"><span class=\"s1\">Les tarifs sont ceux en vigueur au jour de la passation de la Commande, tels qu\u2019\u00e9tablis sur le devis fourni au Client ou selon le bar\u00e8me indiqu\u00e9 sur place au Client. <\/span><\/p>\n<p class=\"p3\"><span class=\"s1\">Les tarifs sont exprim\u00e9s en euros (\u20ac) et affich\u00e9s toutes taxes fran\u00e7aises comprises. Toutefois, lorsque l\u2019\u00e9v\u00e8nement est r\u00e9alis\u00e9 \u00e0 l\u2019\u00e9tranger, les tarifs sont exprim\u00e9s dans la devise en vigueur dans le pays o\u00f9 est r\u00e9alis\u00e9 l\u2019\u00e9v\u00e8nement, toutes taxes comprises. <\/span><\/p>\n<p class=\"p3\"><span class=\"s1\">A chaque Commande, une facture est \u00e9tablie par M\u00cfRAGE \u00e0 destination du Client. <\/span><\/p>\n<p class=\"p3\"><span class=\"s1\">MIRAGE ne peut \u00eatre tenue responsable des ruptures de stock ou de l\u2019impossibilit\u00e9 de vendre un Produit dont le stock est inexistant. <\/span><\/p>\n<p class=\"p3\"><span class=\"s1\">En aucun cas un Client ne pourra exiger l\u2019application de r\u00e9ductions n\u2019\u00e9tant plus en vigueur le jour de la Commande. <\/span><\/p>\n<ol class=\"ol1\">\n<li class=\"li4\"><b><\/b><span class=\"s2\"><b>Conditions de paiement <\/b><\/span><\/li>\n<\/ol>\n<p class=\"p3\"><span class=\"s1\">Le paiement peut \u00eatre r\u00e9alis\u00e9 par\u00a0 esp\u00e8ce, Carte Bleue, et \u00e9ventuellement par virement apr\u00e8s accord expr\u00e8s de la M\u00cfRAGE. <\/span><\/p>\n<ol class=\"ol1\">\n<li class=\"li4\"><b><\/b><span class=\"s2\"><b>Livraison<\/b><\/span><\/li>\n<\/ol>\n<p class=\"p3\"><span class=\"s1\">De mani\u00e8re exceptionnelle, MIRAGE peut accepter de livrer le Produit. <\/span><\/p>\n<p class=\"p3\"><span class=\"s1\">Dans ce dernier cas, les frais de livraison sont \u00e0 la charge du Client. Ils sont indiqu\u00e9s au Client avant la passation de la Commande. <\/span><\/p>\n<p class=\"p3\"><span class=\"s1\">Les Produits command\u00e9s sont livr\u00e9s \u00e0 l\u2019adresse indiqu\u00e9e par le Client. Le Client doit s\u2019assurer d\u2019avoir communiqu\u00e9 les informations exactes et compl\u00e8tes concernant l\u2019adresse de livraison. M\u00cfRAGE ne sera pas tenue responsable d\u2019une mauvaise adresse de livraison emp\u00eachant la livraison. Dans l\u2019hypoth\u00e8se d\u2019une adresse de livraison incompl\u00e8te ou fausse emp\u00eachant la livraison, M\u00cfRAGE remettra les produits \u00e0 la vente et conservera le paiement en l\u2019absence d\u2019une manifestation du Client au-del\u00e0 d\u2019un d\u00e9lai de 3 mois. <\/span><\/p>\n<p class=\"p3\"><span class=\"s1\">M\u00cfRAGE s\u2019engage \u00e0 faire ses meilleurs efforts pour livrer les produits command\u00e9s dans les d\u00e9lais indiqu\u00e9s lors de la confirmation de la commande. <\/span><\/p>\n<p class=\"p3\"><span class=\"s1\">Le Client sera inform\u00e9 par courrier \u00e9lectronique \u00e0 l\u2019adresse indiqu\u00e9e par lui, de tout \u00e9ventuel retard de livraison. Dans une telle situation, le Client sera \u00e9galement inform\u00e9 par courrier \u00e9lectronique des nouveaux d\u00e9lais de livraison. <\/span><\/p>\n<p class=\"p3\"><span class=\"s1\">Les Produits vendus dans les boutiques \u00e9ph\u00e9m\u00e8res peuvent uniquement \u00eatre livr\u00e9s dans les pays suivants\u00a0: France M\u00e9tropolitaine, et Europe. <\/span><\/p>\n<p class=\"p3\"><span class=\"s1\">Les livraisons pour les destinations autres que la France M\u00e9tropolitaine et l\u2019Europe seront accept\u00e9e apr\u00e8s devis. <\/span><\/p>\n<p class=\"p3\"><span class=\"s1\">Les livraisons sont assur\u00e9es par les services de La Poste, de Chronopost, de Mondial Relay, d\u2019UPS, de FedEx et de toute autre transporteur professionnel, du lundi au samedi (selon les transporteurs) et en fonction de l\u2019option choisie par le Client.<\/span><\/p>\n<p class=\"p3\"><span class=\"s1\">Les d\u00e9lais de livraison varient en fonction de la disponibilit\u00e9 des Produits command\u00e9s, du lieu de livraison et du mode de livraison choisi. En toutes hypoth\u00e8ses, le d\u00e9lai de livraison est de maximum 30 jours \u00e0 compter de la passation de la Commande.<\/span><\/p>\n<p class=\"p3\"><span class=\"s1\">Si la livraison ne pouvait \u00eatre effectu\u00e9e pour des raisons d&#8217;accessibilit\u00e9 ou d\u2019absence de personne pour la r\u00e9ception de la Commande, M\u00cfRAGE ne saurait en \u00eatre tenue pour responsable.<\/span><\/p>\n<p class=\"p3\"><span class=\"s1\">A la r\u00e9ception de la livraison, le Client ou son repr\u00e9sentant est tenu de contr\u00f4ler les marchandises en pr\u00e9sence du transporteur d\u00fbment habilit\u00e9. En cas de dommage(s) d\u00fb(s) au transport, le Client, en sa qualit\u00e9 de destinataire, doit express\u00e9ment notifier les r\u00e9serves \u00e0 faire dans les d\u00e9lais impartis aupr\u00e8s du transporteur, et envoyer une copie \u00e0 M\u00cfRAGE.<\/span><\/p>\n<ol class=\"ol1\">\n<li class=\"li4\"><b><\/b><span class=\"s2\"><b>Transfert des risques et de propri\u00e9t\u00e9 <\/b><\/span><\/li>\n<\/ol>\n<p class=\"p3\"><span class=\"s1\">M\u00cfRAGE conserve un droit de propri\u00e9t\u00e9 sur les Produits et Services vendus jusqu\u2019au complet paiement du prix. Elle peut donc reprendre possession desdits Produits et Services en cas de non-paiement. Dans ce cas, les acomptes vers\u00e9s \u00e0 M\u00cfRAGE lui seront acquis au titre d\u2019indemnisation. <\/span><\/p>\n<p class=\"p3\"><span class=\"s1\">Le transfert des risques s\u2019op\u00e8re \u00e0 la livraison ou lors du retrait des marchandises au magasin \u00e9ph\u00e9m\u00e8re lors que le Client n\u2019a pas choisi l\u2019option livraison.\u00a0<\/span><\/p>\n<ol class=\"ol1\">\n<li class=\"li9\"><b><\/b><span class=\"s2\"><b>Retours, \u00e9changes et remboursements<\/b><\/span><\/li>\n<\/ol>\n<p class=\"p10\"><span class=\"s1\">MIRAGE accepte les retours et \u00e9changes sous 10\u00a0jours dans la limite des stocks disponibles.<\/span><\/p>\n<p class=\"p3\"><span class=\"s1\">Seuls les produits neufs, non port\u00e9s et non salis seront rembours\u00e9s. L\u2019article doit \u00eatre retourn\u00e9 dans son emballage d\u2019origine accompagn\u00e9 de l\u2019\u00e9tiquette du v\u00eatement. <\/span><\/p>\n<p class=\"p3\"><span class=\"s1\">Les frais de retour sont \u00e0 la charge exclusive du Client.<\/span><\/p>\n<p class=\"p4\"><span class=\"s1\">Les produits devront \u00eatre renvoy\u00e9s \u00e0 l\u2019adresse suivante : <\/span><\/p>\n<p class=\"p11\"><span class=\"s1\">Soci\u00e9t\u00e9<b> <\/b>M\u00cfRAGE <\/span><\/p>\n<p class=\"p11\"><span class=\"s1\">125 rue du Faubourg Saint-Honor\u00e9, <\/span><\/p>\n<p class=\"p11\"><span class=\"s1\">75008, Paris<\/span><\/p>\n<p class=\"p11\"><span class=\"s1\">FRANCE<\/span><\/p>\n<ol class=\"ol1\">\n<li class=\"li4\"><b><\/b><span class=\"s2\"><b>Garanties l\u00e9gales <\/b><\/span><\/li>\n<\/ol>\n<p class=\"p4\"><span class=\"s1\">Les Clients b\u00e9n\u00e9ficient de la garantie l\u00e9gale de conformit\u00e9 ainsi que de la garantie contre les vices cach\u00e9s conform\u00e9ment aux dispositions des articles L. 217\u20134 \u00e0 L. 217-14 du code de la consommation et des articles 1641 \u00e0 1649 du code civil telles que reproduites ci-dessous. <\/span><\/p>\n<p class=\"p4\"><span class=\"s1\">Tout Produit revendu, alt\u00e9r\u00e9, modifi\u00e9 ou transform\u00e9 n\u2019est pas couvert par la garantie. <\/span><\/p>\n<p class=\"p4\"><span class=\"s1\">Les garanties sont limit\u00e9es au remplacement ou au remboursement des Produits non-conformes ou affect\u00e9s d\u2019un vice. Elles sont exclues en cas de mauvaise utilisation ou d\u2019utilisation anormale du Produit ainsi que dans le cas o\u00f9 le Produit ne respecterait pas la l\u00e9gislation du pays dans lequel il est livr\u00e9. <\/span><\/p>\n<p class=\"p3\"><span class=\"s1\">Toutes les r\u00e9clamations pour d\u00e9faut de conformit\u00e9, demandes d\u2019\u00e9change ou de remboursement doivent s\u2019effectuer par mail \u00e0 l\u2019adresse suivante : <\/span><span class=\"s4\">contact@m\u00efrage.com<\/span><span class=\"s5\">.<\/span><\/p>\n<ol class=\"ol1\">\n<li style=\"list-style-type: none;\">\n<ol class=\"ol1\">\n<li class=\"li4\"><b><\/b><span class=\"s2\"><b>Garantie l\u00e9gale de conformit\u00e9 <\/b><\/span><\/li>\n<\/ol>\n<\/li>\n<\/ol>\n<p class=\"p3\"><span class=\"s1\">Aux termes de l\u2019article L. 217-4 du code de la consommation, \u00ab\u00a0<i>le vendeur livre un bien conforme au contrat et r\u00e9pond des d\u00e9fauts de conformit\u00e9 existant lors de la d\u00e9livrance.<\/i><\/span><\/p>\n<p class=\"p13\"><span class=\"s1\"><i><br \/>\nIl r\u00e9pond \u00e9galement des d\u00e9fauts de conformit\u00e9 r\u00e9sultant de l&#8217;emballage, des instructions de montage ou de l&#8217;installation lorsque celle-ci a \u00e9t\u00e9 mise \u00e0 sa charge par le contrat ou a \u00e9t\u00e9 r\u00e9alis\u00e9e sous sa responsabilit\u00e9<\/i>\u00a0\u00bb.<\/span><\/p>\n<p class=\"p10\"><span class=\"s1\">Selon l\u2019article L. 217-5 du code de la consommation\u00a0: \u00ab\u00a0<i>Le bien est conforme au contrat :<\/i><\/span><\/p>\n<p class=\"p10\"><span class=\"s1\"><i>1\u00b0 S&#8217;il est propre \u00e0 l&#8217;usage habituellement attendu d&#8217;un bien semblable et, le cas \u00e9ch\u00e9ant\u00a0:<\/i><\/span><\/p>\n<p class=\"p10\"><span class=\"s1\"><i>&#8211; s&#8217;il correspond \u00e0 la description donn\u00e9e par le vendeur et poss\u00e8de les qualit\u00e9s que celui-ci a pr\u00e9sent\u00e9es \u00e0 l&#8217;acheteur sous forme d&#8217;\u00e9chantillon ou de mod\u00e8le ;<\/i><\/span><\/p>\n<p class=\"p10\"><span class=\"s1\"><i>&#8211; s&#8217;il pr\u00e9sente les qualit\u00e9s qu&#8217;un acheteur peut l\u00e9gitimement attendre eu \u00e9gard aux d\u00e9clarations publiques faites par le vendeur, par le producteur ou par son repr\u00e9sentant, notamment dans la publicit\u00e9 ou l&#8217;\u00e9tiquetage ;<\/i><\/span><\/p>\n<p class=\"p14\"><span class=\"s1\"><i>2\u00b0 Ou s&#8217;il pr\u00e9sente les caract\u00e9ristiques d\u00e9finies d&#8217;un commun accord par les parties ou est propre \u00e0 tout usage sp\u00e9cial recherch\u00e9 par l&#8217;acheteur, port\u00e9 \u00e0 la connaissance du vendeur et que ce dernier a accept\u00e9.\u00a0\u00bb<\/i><\/span><\/p>\n<p class=\"p4\"><span class=\"s1\">Si des produits livr\u00e9s ne sont pas conformes, les Clients sont invit\u00e9s \u00e0 les retourner \u00e0 M\u00cfRAGE dans les meilleurs d\u00e9lais en pr\u00e9cisant s\u2019ils souhaitent (i) le remplacement des produits non conformes (lorsque ceux-ci sont disponibles) sans frais suppl\u00e9mentaires ou (ii) le remboursement de leur prix. Ils peuvent aussi conserver les produits non conformes et demander le remboursement d\u2019une partie de leur prix, qui sera d\u00e9termin\u00e9e au cas par cas par M\u00cfRAGE. <\/span><\/p>\n<p class=\"p4\"><span class=\"s1\">L\u2019action r\u00e9sultant du d\u00e9faut de conformit\u00e9 se prescrit par 2 (deux) ans \u00e0 compter de la d\u00e9livrance des produits.<\/span><\/p>\n<ol class=\"ol1\">\n<li style=\"list-style-type: none;\">\n<ol class=\"ol1\">\n<li class=\"li9\"><b><\/b><span class=\"s2\"><b>Garantie l\u00e9gale contre les vices cach\u00e9s <\/b><\/span><\/li>\n<\/ol>\n<\/li>\n<\/ol>\n<p class=\"p3\"><span class=\"s1\">Selon l\u2019article 1641 du code civil, \u00ab\u00a0<i>le vendeur est tenu de la garantie \u00e0 raison des d\u00e9fauts cach\u00e9s de la chose vendue qui la rendent impropre \u00e0 l&#8217;usage auquel on la destine, ou qui diminuent tellement cet usage que l&#8217;acheteur ne l&#8217;aurait pas acquise, ou n&#8217;en aurait donn\u00e9 qu&#8217;un moindre prix, s&#8217;il les avait connus<\/i>\u00a0\u00bb.<\/span><\/p>\n<p class=\"p4\"><span class=\"s1\">Si des produits livr\u00e9s comportent des vices cach\u00e9s (les rendant impropres \u00e0 l\u2019usage auquel on les destine), les Clients peuvent soit (i) les retourner \u00e0 M\u00cfRAGE et obtenir le remboursement de leur prix, soit (ii) les conserver et obtenir le remboursement d\u2019une partie de leur prix, qui sera d\u00e9termin\u00e9e au cas par cas par M\u00cfRAGE. M\u00cfRAGE pourra \u00e9galement proposer au Client le remplacement des produits (lorsque ceux-ci sont disponibles) sans frais suppl\u00e9mentaires.<\/span><\/p>\n<p class=\"p3\"><span class=\"s1\">L&#8217;action r\u00e9sultant des vices cach\u00e9s doit \u00eatre intent\u00e9e par l&#8217;acqu\u00e9reur dans un d\u00e9lai de 2\u00a0(deux) ans \u00e0 compter de la d\u00e9couverte du vice.<\/span><\/p>\n<ol class=\"ol1\">\n<li class=\"li4\"><b><\/b><span class=\"s2\"><b>Modifications<\/b><\/span><\/li>\n<\/ol>\n<p class=\"p3\"><span class=\"s1\">Les renseignements figurant sur prospectus et tarifs de M\u00cfRAGE sont donn\u00e9s \u00e0 titre indicatifs et sont r\u00e9visables \u00e0 tout moment. <\/span><\/p>\n<p class=\"p3\"><span class=\"s1\">M\u00cfRAGE est en droit d\u2019y apporter toutes modifications qui lui para\u00eetront utiles. <\/span><\/p>\n<p class=\"p3\"><span class=\"s1\">Lorsqu\u2019il passe une Commande, le Client est soumis aux stipulations \u00e9nonc\u00e9es par les CGV en vigueur lors de la passation de sa commande. <\/span><\/p>\n<ol class=\"ol1\">\n<li class=\"li4\"><b><\/b><span class=\"s2\"><b>Limitation &#8211; Exon\u00e9ration de responsabilit\u00e9<\/b><\/span><\/li>\n<\/ol>\n<p class=\"p3\"><span class=\"s1\">M\u00cfRAGE d\u00e9cline toute responsabilit\u00e9 quant \u00e0 l&#8217;utilisation d\u00e9tourn\u00e9e ou la mauvaise utilisation des produits que le Client a command\u00e9s. <\/span><\/p>\n<p class=\"p3\"><span class=\"s1\">Concernant la livraison, le Client ou son repr\u00e9sentant est tenu de contr\u00f4ler les marchandises en pr\u00e9sence du transporteur d\u00fbment habilit\u00e9. En cas de dommage(s) d\u00fb(s) au transport, le Client, en sa qualit\u00e9 de destinataire, doit express\u00e9ment notifier les r\u00e9serves \u00e0 faire dans les d\u00e9lais impartis aupr\u00e8s du transporteur, et envoyer une copie \u00e0 M\u00cfRAGE qui se r\u00e9serve, \u00e0 d\u00e9faut, le droit de refuser le retour, le remboursement ou remplacement des produits.<\/span><\/p>\n<ol class=\"ol1\">\n<li class=\"li4\"><b><\/b><span class=\"s2\"><b>Informatiques et Libert\u00e9s<\/b><\/span><\/li>\n<\/ol>\n<p class=\"p4\"><span class=\"s1\">Afin de r\u00e9pondre aux besoins de ses Clients et d&#8217;assurer un service optimal, M\u00cfRAGE est amen\u00e9e \u00e0 recueillir certaines de leurs donn\u00e9es \u00e0 caract\u00e8re personnel. M\u00cfRAGE certifie la confidentialit\u00e9 des donn\u00e9es \u00e0 caract\u00e8re personnel collect\u00e9es. <\/span><\/p>\n<p class=\"p5\"><span class=\"s1\">M\u00cfRAGE s\u2019assure du respect de vos droits conform\u00e9ment au r\u00e8glement (UE) 2016\/679 du Parlement europ\u00e9en et du Conseil du 27 avril 2016 relatif \u00e0 la protection des personnes physiques \u00e0 l&#8217;\u00e9gard du traitement des donn\u00e9es \u00e0 caract\u00e8re personnel et \u00e0 la libre circulation de ces donn\u00e9es. <\/span><\/p>\n<p class=\"p5\"><span class=\"s1\">Veuillez consulter la <a href=\"https:\/\/xn--mrage-cta.com\/politique-de-confidentialite\/\">politique de confidentialit\u00e9<\/a> pour toute information concernant vos donn\u00e9es \u00e0 caract\u00e8re personnel. <\/span><\/p>\n<ol class=\"ol1\">\n<li class=\"li4\"><b><\/b><span class=\"s2\"><b>Propri\u00e9t\u00e9 intellectuelle<\/b><\/span><\/li>\n<\/ol>\n<p class=\"p3\"><span class=\"s1\">La marque, le logo et la charte graphique sont des marques d\u00e9pos\u00e9es dont la propri\u00e9t\u00e9 revient exclusivement \u00e0 M\u00cfRAGE. Toute diffusion, exploitation, repr\u00e9sentation, reproduction, qu\u2019elle soit partielle ou int\u00e9grale, sans l\u2019autorisation expresse de M\u00cfRAGE exposera le contrevenant \u00e0 des poursuites civiles et p\u00e9nales. <\/span><\/p>\n<ol class=\"ol1\">\n<li class=\"li4\"><b><\/b><span class=\"s2\"><b>Loi applicable et r\u00e8glement des diff\u00e9rends\u00a0<\/b><\/span><\/li>\n<\/ol>\n<p class=\"p3\"><span class=\"s1\">Les pr\u00e9sentes CGV sont soumises \u00e0 la loi fran\u00e7aise. <\/span><\/p>\n<p class=\"p3\"><span class=\"s1\">Tout litige pouvant survenir entre M\u00cfRAGE et un Client lors de l\u2019ex\u00e9cution des pr\u00e9sentes fera l\u2019objet d\u2019une tentative de r\u00e9solution \u00e0 l\u2019amiable. A d\u00e9faut, les litiges seront port\u00e9s \u00e0 la connaissance des tribunaux fran\u00e7ais comp\u00e9tents de droit commun. <\/span><\/p>\n<ol class=\"ol1\">\n<li class=\"li4\"><b><\/b><span class=\"s2\"><b> Acceptation des CGV <\/b><\/span><\/li>\n<\/ol>\n<p class=\"p3\"><span class=\"s1\">Le Client accepte express\u00e9ment les CGV. Il d\u00e9clare en avoir connaissance et renonce \u00e0 se pr\u00e9valoir de tout autre document. <\/span><\/p>\n<p class=\"p3\"><span class=\"s1\">Le Client reconnait avoir eu connaissance des informations et renseignements pr\u00e9vus aux articles L. 111-1 \u00e0 L. 111-7 du code de la consommation, et notamment\u00a0: <\/span><\/p>\n<ul class=\"ul1\">\n<li class=\"li4\"><span class=\"s2\">les caract\u00e9ristiques essentielles du Produit et\/ou Service\u00a0;<\/span><\/li>\n<li class=\"li4\"><span class=\"s2\">le prix des Produits et\/ou Service\u00a0;\u00a0<\/span><\/li>\n<li class=\"li4\"><span class=\"s2\">la date ou le d\u00e9lai auquel la Soci\u00e9t\u00e9 s\u2019engage \u00e0 fournir le Produit et\/ou Service\u00a0; <\/span><\/li>\n<li class=\"li4\"><span class=\"s2\">les informations relatives \u00e0 l\u2019identit\u00e9 de la soci\u00e9t\u00e9 (coordonn\u00e9es postales, t\u00e9l\u00e9phoniques, \u00e9lectroniques)\u00a0; <\/span><\/li>\n<li class=\"li4\"><span class=\"s2\">les informations relatives aux garanties l\u00e9gales et contractuelles et \u00e0 leurs modalit\u00e9s de mise en \u0153uvre\u00a0; <\/span><\/li>\n<li class=\"li4\"><span class=\"s2\">la possibilit\u00e9 de recourir \u00e0 une m\u00e9diation conventionnelle en cas de litige\u00a0; <\/span><\/li>\n<\/ul>\n","protected":false},"excerpt":{"rendered":"<p>CONDITIONS GENERALES DE VENTE DE PRODUITS ET SERVICES HORS LIGNE Pr\u00e9ambule La soci\u00e9t\u00e9 M\u00cfRAGE invite les Clients \u00e0 lire attentivement [&hellip;]<\/p>\n","protected":false},"author":25,"featured_media":0,"parent":0,"menu_order":0,"comment_status":"closed","ping_status":"closed","template":"","meta":[],"acf":[],"_links":{"self":[{"href":"https:\/\/xn--mrage-cta.com\/en\/wp-json\/wp\/v2\/pages\/2637"}],"collection":[{"href":"https:\/\/xn--mrage-cta.com\/en\/wp-json\/wp\/v2\/pages"}],"about":[{"href":"https:\/\/xn--mrage-cta.com\/en\/wp-json\/wp\/v2\/types\/page"}],"author":[{"embeddable":true,"href":"https:\/\/xn--mrage-cta.com\/en\/wp-json\/wp\/v2\/users\/25"}],"replies":[{"embeddable":true,"href":"https:\/\/xn--mrage-cta.com\/en\/wp-json\/wp\/v2\/comments?post=2637"}],"version-history":[{"count":2,"href":"https:\/\/xn--mrage-cta.com\/en\/wp-json\/wp\/v2\/pages\/2637\/revisions"}],"predecessor-version":[{"id":2640,"href":"https:\/\/xn--mrage-cta.com\/en\/wp-json\/wp\/v2\/pages\/2637\/revisions\/2640"}],"wp:attachment":[{"href":"https:\/\/xn--mrage-cta.com\/en\/wp-json\/wp\/v2\/media?parent=2637"}],"curies":[{"name":"wp","href":"https:\/\/api.w.org\/{rel}","templated":true}]}}