{"id":2643,"date":"2018-04-30T17:18:26","date_gmt":"2018-04-30T15:18:26","guid":{"rendered":"https:\/\/xn--mrage-cta.com\/?page_id=2643"},"modified":"2018-04-30T17:18:26","modified_gmt":"2018-04-30T15:18:26","slug":"terms-and-conditions-of-subscription","status":"publish","type":"page","link":"https:\/\/xn--mrage-cta.com\/en\/terms-and-conditions-of-subscription\/","title":{"rendered":"Terms and conditions of subscription"},"content":{"rendered":"<h1 class=\"p2\" style=\"text-align: center;\"><span class=\"s1\"><b>CONDITIONS GENERALES D\u2019ADHESION<\/b><\/span><\/h1>\n<p class=\"p3\"><span class=\"s1\"><b>Pr\u00e9ambule <\/b><\/span><\/p>\n<p class=\"p5\"><span class=\"s1\">La soci\u00e9t\u00e9 M\u00cfRAGE invite les Utilisateurs \u00e0 lire attentivement les pr\u00e9sentes Conditions G\u00e9n\u00e9rales d\u2019Adh\u00e9sion (ci-apr\u00e8s les \u00ab\u00a0CGA\u00a0\u00bb). Toute demande d\u2019Adh\u00e9sion implique l\u2019acceptation des CGA.<\/span><\/p>\n<p class=\"p5\"><span class=\"s1\">Toute adh\u00e9sion aux services propos\u00e9s par M\u00cfRAGE ne sera r\u00e9alis\u00e9e que lorsque le Client aura accept\u00e9 les CGA.<\/span><\/p>\n<p class=\"p5\"><span class=\"s1\">Le Client reconnait en avoir pris connaissance et les avoir accept\u00e9es en cochant la case pr\u00e9vue pour ce faire avant la passation de la Commande en ligne. <\/span><\/p>\n<p class=\"p5\"><span class=\"s1\">Si une ou plusieurs clauses des CGA venaient \u00e0 devenir caduque ou nulle en raison notamment d\u2019une modification l\u00e9gislative, cela n\u2019affectera pas la validit\u00e9 des autres clauses qui conserveront tous leurs effets.<\/span><\/p>\n<ol class=\"ol1\">\n<li class=\"li3\"><b><\/b><span class=\"s1\"><b>Objet du contrat<\/b><\/span><\/li>\n<\/ol>\n<p class=\"p3\"><span class=\"s1\">La soci\u00e9t\u00e9 M\u00cfRAGE (ci-apr\u00e8s \u00ab\u00a0M\u00cfRAGE\u00a0\u00bb) est une soci\u00e9t\u00e9 par actions simplifi\u00e9e au capital social de \u20ac 30.000 dont le si\u00e8ge social est situ\u00e9 125 rue du Faubourg Saint-Honor\u00e9, 75008, Paris et immatricul\u00e9e au Registre du commerce et des soci\u00e9t\u00e9s de Paris sous le num\u00e9ro 819\u00a0995\u00a0127. <\/span><\/p>\n<p class=\"p3\"><span class=\"s1\">La soci\u00e9t\u00e9 M\u00cfRAGE propose \u00e0 ses Adh\u00e9rents, sous son nom commercial M\u00cfRAGE, des ventes de produits et des prestations de services exclusifs par le biais de son Site internet et en leur r\u00e9servant l\u2019acc\u00e8s \u00e0 des \u00e9v\u00e8nements ponctuels. <b> <\/b><\/span><\/p>\n<p class=\"p5\"><span class=\"s1\">Les pr\u00e9sentes conditions g\u00e9n\u00e9rales d\u2019adh\u00e9sion s\u2019appliquent aux Adh\u00e9rents \u00e0 M\u00cfRAGE. En acceptant les CGA, l\u2019Adh\u00e9rent reconna\u00eet avoir la capacit\u00e9 et le pouvoir de souscrire au bulletin d\u2019adh\u00e9sion. <\/span><\/p>\n<p class=\"p5\"><span class=\"s1\">Les CGA d\u00e9finissent les droits et obligations de l\u2019Adh\u00e9rent et de M\u00cfRAGE. <\/span><\/p>\n<p class=\"p5\"><span class=\"s1\">Les CGA peuvent faire l\u2019objet de modifications et de mises \u00e0 jour. Elles sont accessibles de mani\u00e8re permanente \u00e0 partir de la page d\u2019accueil du Site. Chaque demande d\u2019adh\u00e9sion sur le Site est soumise aux CGA en vigueur au jour de la r\u00e9alisation de l\u2019adh\u00e9sion. <\/span><\/p>\n<ol class=\"ol1\">\n<li class=\"li3\"><b><\/b><span class=\"s1\"><b>D\u00e9finitions <\/b><\/span><\/li>\n<\/ol>\n<p class=\"p3\"><span class=\"s1\">Dans le cadre des pr\u00e9sentes CGA, les termes suivants auront le sens d\u00e9fini ci-dessous\u00a0:<\/span><\/p>\n<ul class=\"ul1\">\n<li class=\"li3\"><span class=\"s1\">\u00ab\u00a0<b>Adh\u00e9rent<\/b>\u00a0\u00bb ou \u00ab\u00a0<b>Adh\u00e9rents<\/b>\u00a0\u00bb\u00a0: d\u00e9signe(nt) toutes personnes qui ont fait une demande d\u2019adh\u00e9sion au service conform\u00e9ment aux prescriptions de l\u2019article 4 des pr\u00e9sentes CGA et apr\u00e8s validation discr\u00e9tionnaire de cette demande par M\u00cfRAGE\u00a0;<\/span><\/li>\n<\/ul>\n<ul class=\"ul1\">\n<li class=\"li3\"><span class=\"s1\">\u00ab\u00a0<b>Candidat<\/b>\u00a0\u00bb\u00a0: d\u00e9signe toute personne qui a fait une demande d\u2019adh\u00e9sion conform\u00e9ment aux prescriptions de l\u2019article 4 des pr\u00e9sentes CGA, et dont la demande est en cours d\u2019instruction par M\u00cfRAGE\u00a0;<\/span><\/li>\n<\/ul>\n<ul class=\"ul1\">\n<li class=\"li3\"><span class=\"s1\">\u00ab\u00a0<b>Espaces exclusifs<\/b> \u00bb\u00a0: d\u00e9signe les espaces du site internet r\u00e9serv\u00e9 exclusivement aux Adh\u00e9rents, dont la boutique en ligne (\u00ab\u00a0e-shop\u00a0\u00bb)\u00a0; et, <\/span><\/li>\n<\/ul>\n<ul class=\"ul1\">\n<li class=\"li3\"><span class=\"s1\">\u00ab <b>Site internet<\/b>\u00a0\u00bb\u00a0: d\u00e9signe le site internet <\/span><span class=\"s3\">www.m\u00efrage.com<\/span><span class=\"s1\"> pris dans sa partie accessible par le r\u00e9seau internet et dans sa partie r\u00e9serv\u00e9e au seul usage des abonn\u00e9s au service \u00e0 savoir les Espaces exclusifs; <\/span><\/li>\n<\/ul>\n<ol class=\"ol1\">\n<li class=\"li3\"><b><\/b><span class=\"s1\"><b>Application et opposabilit\u00e9 des Conditions G\u00e9n\u00e9rales<\/b><\/span><\/li>\n<\/ol>\n<p class=\"p3\"><span class=\"s1\">Toute demande d\u2019adh\u00e9sion \u00e0 un abonnement effectu\u00e9e par le Client emporte l\u2019acceptation sans r\u00e9serve ni restriction\u00a0par l\u2019Adh\u00e9rent des pr\u00e9sentes Conditions G\u00e9n\u00e9rales d\u00e9velopp\u00e9es ci-apr\u00e8s et accessible sur le site <\/span><span class=\"s3\">www.m\u00efrage.com<\/span><span class=\"s1\">. <\/span><\/p>\n<p class=\"p3\"><span class=\"s1\">L\u2019adh\u00e9sion emporte en outre l\u2019acceptation pleine et enti\u00e8re\u00a0des\u00a0Conditions G\u00e9n\u00e9rales de Vente en ligne et d\u2019Utilisation et de la Politique de Confidentialit\u00e9 disponible sur le site\u00a0<\/span><span class=\"s3\">www.m\u00efrage.com<\/span><span class=\"s1\">.<\/span><\/p>\n<ol class=\"ol1\">\n<li class=\"li3\"><b><\/b><span class=\"s1\"><b>Conditions d\u2019adh\u00e9sion <\/b><\/span><\/li>\n<\/ol>\n<p class=\"p3\"><span class=\"s1\">Toute demande d\u2019adh\u00e9sion doit \u00eatre \u00e9mise par une personne physique, \u00e2g\u00e9e de plus de 18 ans et disposant de la capacit\u00e9 juridique de contracter.<\/span><\/p>\n<p class=\"p3\"><span class=\"s1\">Chaque demande d\u2019adh\u00e9sion doit \u00eatre faite par le biais du formulaire disponible \u00e0 l\u2019adresse\u00a0 <\/span><span class=\"s4\"><b>https:\/\/m\u00efrage.com\/commande\/ <\/b><\/span><span class=\"s1\">par lequel le Candidat indique son identit\u00e9 et ses coordonn\u00e9es et dit accepter sans r\u00e9serve les pr\u00e9sentes CGA.<\/span><\/p>\n<p class=\"p3\"><span class=\"s1\">La demande d\u2019adh\u00e9sion fait ensuite l\u2019objet d\u2019un examen par M\u00cfRAGE<b> <\/b>qui valide ou non la demande, selon des crit\u00e8res tout \u00e0 fait discr\u00e9tionnaires.<\/span><\/p>\n<p class=\"p3\"><span class=\"s1\">Le Candidat re\u00e7oit une r\u00e9ponse \u00e0 sa demande par courriel sous 5 jours ouvrables, lui indiquant si sa demande a \u00e9t\u00e9 valid\u00e9e ou non.<\/span><\/p>\n<p class=\"p3\"><span class=\"s1\">En cas de r\u00e9ponse n\u00e9gative, aucun frais n\u2019est d\u00e9bit\u00e9.\u00a0<\/span><\/p>\n<p class=\"p3\"><span class=\"s1\">Aucune r\u00e9clamation ne saurait \u00eatre introduite en cas de rejet de la candidature \u00e0 l\u2019adh\u00e9sion par M\u00cfRAGE. <\/span><\/p>\n<p class=\"p3\"><span class=\"s1\">Une confirmation d\u2019abonnement est envoy\u00e9e par email \u00e0 l\u2019Adh\u00e9rent sous 24 heures apr\u00e8s validation de sa demande lui indiquant ses identifiants et mot de passe personnel lui permettant l\u2019acc\u00e8s aux Espaces exclusifs du Site Internet.<\/span><\/p>\n<ol class=\"ol1\">\n<li class=\"li3\"><span class=\"s1\"><b>Prix et modalit\u00e9s de paiement <\/b><\/span><\/li>\n<\/ol>\n<p class=\"p3\"><span class=\"s1\">L\u2019offre d\u2019adh\u00e9sion est propos\u00e9e au tarif unique de <b>\u20ac 800 T.T.C<\/b>.<\/span><\/p>\n<p class=\"p3\"><span class=\"s1\">Les frais d\u2019abonnement annuels pr\u00e9lev\u00e9s en cas de renouvellement de l\u2019adh\u00e9sion sont de <b>\u20ac\u00a0800\u00a0T.T.C<\/b>.<\/span><\/p>\n<p class=\"p3\"><span class=\"s1\">M\u00cfRAGE se r\u00e9serve la possibilit\u00e9 de modifier les prix \u00e0 tout moment, \u00e9tant toutefois entendu que le prix d\u2019adh\u00e9sion pr\u00e9sent\u00e9 sur le site internet <\/span><span class=\"s3\">www.m\u00efrage.com<\/span><span class=\"s1\"> au jour de la commande seront seuls applicables \u00e0 l\u2019Adh\u00e9rent. <\/span><\/p>\n<p class=\"p3\"><span class=\"s1\">Toute modification du prix en cas de renouvellement de l\u2019adh\u00e9sion sera aussit\u00f4t communiqu\u00e9e \u00e0 l\u2019Adh\u00e9rent.<\/span><\/p>\n<p class=\"p3\"><span class=\"s1\">Le prix indiqu\u00e9 comprend les frais de traitement de la demande.<\/span><\/p>\n<p class=\"p3\"><span class=\"s1\">Le r\u00e8glement des frais d\u2019inscription se fait uniquement par carte bancaire sur le site internet, le jour de la demande d\u2019inscription.<\/span><\/p>\n<ol class=\"ol1\">\n<li class=\"li3\"><b><\/b><span class=\"s1\"><b>Dur\u00e9e <\/b><\/span><\/li>\n<\/ol>\n<p class=\"p3\"><span class=\"s1\">L\u2019abonnement est souscrit pour une dur\u00e9e de 12 (douze) mois \u00e0 compter de la validation par M\u00cfRAGE<b> <\/b>de la demande d\u2019adh\u00e9sion.<\/span><\/p>\n<p class=\"p3\"><span class=\"s1\">L\u2019abonnement est ensuite tacitement reconduit annuellement et l\u2019Adh\u00e9rent se verra d\u00e9bit\u00e9 des frais d\u2019abonnement annuels \u00e0 la date d\u2019anniversaire de son adh\u00e9sion.<\/span><\/p>\n<p class=\"p3\"><span class=\"s1\">L\u2019Adh\u00e9rent a la possibilit\u00e9 de r\u00e9silier l\u2019abonnement par lettre recommand\u00e9e avec accus\u00e9 de r\u00e9ception adress\u00e9e \u00e0 M\u00cfRAGE<b> <\/b>au plus t\u00f4t 3 (trois) mois et au plus tard 15 (quinze) jours avant la date anniversaire de son adh\u00e9sion.<\/span><\/p>\n<p class=\"p3\"><span class=\"s1\">L\u2019Adh\u00e9rent recevra, au plus tard 1 (un) mois avant la date anniversaire, par courrier ou par email, une lettre l\u2019informant de la possibilit\u00e9 de ne pas reconduire son adh\u00e9sion et fera mention de l\u2019\u00e9ventuelle r\u00e9\u00e9valuation des frais d\u2019adh\u00e9sion annuels. Si l\u2019Adh\u00e9rent garde le silence, il sera r\u00e9put\u00e9 avant consenti \u00e0 la modification du tarif d\u2019adh\u00e9sion.<\/span><\/p>\n<p class=\"p3\"><span class=\"s1\">La non-utilisation des services offerts par l\u2019adh\u00e9sion n\u2019ouvre aucun droit remboursement ou \u00e0 r\u00e9siliation anticip\u00e9 \u00e0 l\u2019initiative de l\u2019Adh\u00e9rent.<\/span><\/p>\n<p class=\"p3\"><span class=\"s1\">M\u00cfRAGE se r\u00e9serve le droit de r\u00e9silier d\u00e9finitivement l\u2019abonnement de l\u2019Adh\u00e9rent \u00e0 tout moment et pour tout motif. Une telle r\u00e9siliation donnera lieu \u00e0 remboursement au prorata des mois restants.<\/span><\/p>\n<ol class=\"ol1\">\n<li class=\"li3\"><span class=\"s1\"><b>Droit de r\u00e9tractation <\/b> <\/span><\/li>\n<\/ol>\n<p class=\"p3\"><span class=\"s1\">L\u2019Adh\u00e9rent dispose d\u2019un d\u00e9lai de 14 (jours) pour se r\u00e9tracter \u00e0 compter de l\u2019envoi de l\u2019email validant la commande relative \u00e0 l\u2019adh\u00e9sion. <\/span><\/p>\n<p class=\"p3\"><span class=\"s1\">Pour exercer le droit de r\u00e9tractation, l\u2019Adh\u00e9rent doit notifier sa d\u00e9cision de r\u00e9tractation au moyen d\u2019une d\u00e9claration sans ambigu\u00eft\u00e9 par lettre \u00e9crite ou par email adress\u00e9 \u00e0 M\u00cfRAGE.<\/span><\/p>\n<p class=\"p3\"><span class=\"s1\">En cas r\u00e9tractation intervenant dans les conditions pr\u00e9vues ci-dessus, M\u00cfRAGE<b> <\/b>remboursera \u00e0 l\u2019Adh\u00e9rent l\u2019int\u00e9gralit\u00e9 des frais li\u00e9s \u00e0 l\u2019abonnement \u00e0 l\u2019exclusion des montants \u00e9ventuellement d\u00e9bours\u00e9s par l\u2019Adh\u00e9rent pour acqu\u00e9rir les produits et services propos\u00e9s par<b> <\/b>M\u00cfRAGE.<\/span><\/p>\n<ol class=\"ol1\">\n<li class=\"li3\"><b><\/b><span class=\"s1\"><b>Protection des donn\u00e9es personnelles<\/b><\/span><\/li>\n<\/ol>\n<p class=\"p3\"><span class=\"s1\">En adh\u00e9rant au club M\u00cfRAGE, l\u2019Adh\u00e9rent consent \u00e0 l\u2019utilisation des donn\u00e9es personnelles recueillies au titre du fichier de membre du service propos\u00e9 par M\u00cfRAGE.<\/span><\/p>\n<p class=\"p3\"><span class=\"s1\">M\u00cfRAGE s\u2019assure du respect de vos droits conform\u00e9ment au r\u00e8glement (UE) 2016\/679 du Parlement europ\u00e9en et du Conseil du 27 avril 2016 relatif \u00e0 la protection des personnes physiques \u00e0 l&#8217;\u00e9gard du traitement des donn\u00e9es \u00e0 caract\u00e8re personnel et \u00e0 la libre circulation de ces donn\u00e9es. <\/span><\/p>\n<p class=\"p3\"><span class=\"s1\">Veuillez consulter la politique de confidentialit\u00e9 pour toute information concernant vos donn\u00e9es \u00e0 caract\u00e8re personnel. <\/span><\/p>\n<ol class=\"ol1\">\n<li class=\"li3\"><b><\/b><span class=\"s1\"><b>Droit applicable et juridiction comp\u00e9tente <\/b><\/span><\/li>\n<\/ol>\n<p class=\"p3\"><span class=\"s1\">Le droit applicable aux pr\u00e9sentes CGA est le droit fran\u00e7ais.<\/span><\/p>\n<p class=\"p3\"><span class=\"s1\">Tout litige relatif \u00e0 l\u2019interpr\u00e9tation et \u00e0 l\u2019ex\u00e9cution des pr\u00e9sentes CGA fera l\u2019objet d\u2019une tentative de r\u00e9solution \u00e0 l\u2019amiable. A d\u00e9faut, les litiges seront port\u00e9s \u00e0 la connaissance des tribunaux fran\u00e7ais de droit commun.<\/span><\/p>\n","protected":false},"excerpt":{"rendered":"<p>CONDITIONS GENERALES D\u2019ADHESION Pr\u00e9ambule La soci\u00e9t\u00e9 M\u00cfRAGE invite les Utilisateurs \u00e0 lire attentivement les pr\u00e9sentes Conditions G\u00e9n\u00e9rales d\u2019Adh\u00e9sion (ci-apr\u00e8s les [&hellip;]<\/p>\n","protected":false},"author":25,"featured_media":0,"parent":0,"menu_order":0,"comment_status":"closed","ping_status":"closed","template":"","meta":[],"acf":[],"_links":{"self":[{"href":"https:\/\/xn--mrage-cta.com\/en\/wp-json\/wp\/v2\/pages\/2643"}],"collection":[{"href":"https:\/\/xn--mrage-cta.com\/en\/wp-json\/wp\/v2\/pages"}],"about":[{"href":"https:\/\/xn--mrage-cta.com\/en\/wp-json\/wp\/v2\/types\/page"}],"author":[{"embeddable":true,"href":"https:\/\/xn--mrage-cta.com\/en\/wp-json\/wp\/v2\/users\/25"}],"replies":[{"embeddable":true,"href":"https:\/\/xn--mrage-cta.com\/en\/wp-json\/wp\/v2\/comments?post=2643"}],"version-history":[{"count":1,"href":"https:\/\/xn--mrage-cta.com\/en\/wp-json\/wp\/v2\/pages\/2643\/revisions"}],"predecessor-version":[{"id":2644,"href":"https:\/\/xn--mrage-cta.com\/en\/wp-json\/wp\/v2\/pages\/2643\/revisions\/2644"}],"wp:attachment":[{"href":"https:\/\/xn--mrage-cta.com\/en\/wp-json\/wp\/v2\/media?parent=2643"}],"curies":[{"name":"wp","href":"https:\/\/api.w.org\/{rel}","templated":true}]}}