{"id":2645,"date":"2018-04-30T17:28:56","date_gmt":"2018-04-30T15:28:56","guid":{"rendered":"https:\/\/xn--mrage-cta.com\/?page_id=2645"},"modified":"2018-04-30T17:28:56","modified_gmt":"2018-04-30T15:28:56","slug":"privacy-policy","status":"publish","type":"page","link":"https:\/\/xn--mrage-cta.com\/en\/privacy-policy\/","title":{"rendered":"Privacy Policy"},"content":{"rendered":"<p class=\"p1\"><span class=\"s1\">M\u00cfRAGE prend tr\u00e8s au s\u00e9rieux la confidentialit\u00e9 des clients. C\u2019est pourquoi M\u00cfRAGE vous demande de lire attentivement la pr\u00e9sente Politique de confidentialit\u00e9. <\/span><\/p>\n<p class=\"p3\"><span class=\"s1\">La fourniture de donn\u00e9es \u00e0 caract\u00e8re personnel a un caract\u00e8re contractuel. Elle conditionne la candidature \u00e0 l\u2019adh\u00e9sion \u00e0 M\u00cfRAGE et \u00e0 la conclusion des contrats de vente en ligne. <\/span><\/p>\n<ol class=\"ol1\">\n<li class=\"li3\"><b><\/b><span class=\"s1\"><b>LE RESPONSABLE DU TRAITEMENT <\/b><\/span><\/li>\n<\/ol>\n<p class=\"p3\"><span class=\"s1\">Le responsable du traitement des donn\u00e9es \u00e0 caract\u00e8re personnel collect\u00e9es est\u00a0la M\u00cfRAGE SAS, soci\u00e9t\u00e9 par actions simplifi\u00e9e au capital social de \u20ac 30.000 dont le si\u00e8ge social est situ\u00e9 125 rue du Faubourg Saint-Honor\u00e9, 75008, Paris et immatricul\u00e9e au Registre du commerce et des soci\u00e9t\u00e9s de Paris sous le num\u00e9ro 819\u00a0995\u00a0127. <\/span><\/p>\n<ol class=\"ol1\">\n<li class=\"li3\"><b><\/b><span class=\"s1\"><b>FINALIT\u00c9S DU TRAITEMENT ET BASE JURIDIQUE DU TRAITEMENT<\/b><\/span><\/li>\n<\/ol>\n<p class=\"p7\"><span class=\"s1\">Les donn\u00e9es collect\u00e9es automatiquement (cookies &#8230;) seront utilis\u00e9es \u00e0 des fins techniques et statistiques, ainsi que dans le cadre de l&#8217;administration du site internet.<\/span><\/p>\n<p class=\"p8\"><span class=\"s1\"><br \/>\nLes donn\u00e9es collect\u00e9es via le formulaire d\u2019adh\u00e9sion et lors d\u2019une vente sont destin\u00e9es principalement \u00e0 :<\/span><\/p>\n<ul class=\"ul1\">\n<li class=\"li9\"><span class=\"s3\">prendre contact avec vous afin de vous informer de nos \u00e9v\u00e8nements ;<\/span><\/li>\n<li class=\"li9\"><span class=\"s3\">effectuer des op\u00e9rations relatives \u00e0 la gestion de vos commandes ;<\/span><\/li>\n<li class=\"li10\"><span class=\"s3\">effectuer des op\u00e9rations relatives \u00e0 la prospection ;<\/span><\/li>\n<li class=\"li11\"><span class=\"s3\">\u00e9laborer des statistiques anonymes.<\/span><\/li>\n<\/ul>\n<p class=\"p7\"><span class=\"s1\">Les donn\u00e9es sont collect\u00e9es sur la base des <a href=\"https:\/\/xn--mrage-cta.com\/conditions-generales-dadhesion\/\">conditions g\u00e9n\u00e9rales d\u2019adh\u00e9sion<\/a>, les <a href=\"https:\/\/xn--mrage-cta.com\/conditions-generales-de-vente-de-produits-et-services-hors-ligne\/\">conditions g\u00e9n\u00e9rales de vente hors ligne<\/a> et <a href=\"https:\/\/xn--mrage-cta.com\/cgv\/\">conditions g\u00e9n\u00e9rales de vente en ligne et d\u2019utilisation<\/a>.<\/span><\/p>\n<p class=\"p7\"><span class=\"s1\">Les donn\u00e9es \u00e0 caract\u00e8re personnel collect\u00e9es ne seront communiqu\u00e9es aux partenaires commerciaux de M\u00cfRAGE charg\u00e9 de la livraison qu\u2019apr\u00e8s avoir recueilli votre consentement expr\u00e8s. <\/span><\/p>\n<ol class=\"ol1\">\n<li class=\"li3\"><b><\/b><span class=\"s1\"><b>DUREE DE CONSERVATION DES DONNEES A CARACTERE PERSONNEL <\/b><\/span><\/li>\n<\/ol>\n<p class=\"p12\"><span class=\"s1\">Vos donn\u00e9es \u00e0 caract\u00e8re personnel seront conserv\u00e9es le temps strictement n\u00e9cessaire \u00e0 la finalit\u00e9 de leur traitement, soit\u00a0pendant trois ans apr\u00e8s votre derni\u00e8re commande ou trois ans apr\u00e8s l\u2019\u00e9ch\u00e9ance de votre derni\u00e8re adh\u00e9sion<\/span><span class=\"s4\">.<\/span><\/p>\n<ol class=\"ol1\">\n<li class=\"li3\"><b><\/b><span class=\"s1\"><b>DROIT D\u2019ACCES, RECTIFICATION ET SUPPRESSION <\/b><\/span><\/li>\n<\/ol>\n<p class=\"p7\"><span class=\"s1\">Vous disposez du droit de demander \u00e0 la soci\u00e9t\u00e9 M\u00cfRAGE l\u2019acc\u00e8s aux donn\u00e9es \u00e0 caract\u00e8re personnel le concernant. <\/span><\/p>\n<p class=\"p7\"><span class=\"s1\">Vous pourrez en demander leur rectification ainsi que leur suppression. Vous pourrez en outre les transmettre au destinataire de votre choix, ainsi que demander \u00e0 M\u00cfRAGE de les transmettre gratuitement au destinataire de votre choix. <\/span><\/p>\n<p class=\"p7\"><span class=\"s1\">Pour ce faire, vous devez adresser un courrier \u00e0 : M\u00cfRAGE \u2013 125 rue du Faubourg Saint Honor\u00e9, 75008, Paris. Il vous faudra justifier de votre identit\u00e9 en joignant \u00e0 votre courrier une copie de votre pi\u00e8ce d&#8217;identit\u00e9.<\/span><\/p>\n<ol class=\"ol1\">\n<li class=\"li3\"><b><\/b><span class=\"s1\"><b>RECLAMATIONS<\/b><\/span><\/li>\n<\/ol>\n<p class=\"p3\"><span class=\"s1\">Vous disposez du droit d\u2019introduire une r\u00e9clamation aupr\u00e8s d\u2019une autorit\u00e9 de contr\u00f4le. <\/span><\/p>\n<p class=\"p3\"><span class=\"s1\">En France, l\u2019autorit\u00e9 de contr\u00f4le est la CNIL. Pour plus d\u2019informations, vous pouvez consulter le site internet suivant\u00a0: <a href=\"http:\/\/www.cnil.fr\"><span class=\"s5\">www.cnil.fr<\/span><\/a>. <\/span><\/p>\n<ol class=\"ol1\">\n<li class=\"li3\"><b><\/b><span class=\"s1\"><b>INFORMATION SUR LES COOKIES<\/b><\/span><\/li>\n<\/ol>\n<p class=\"p14\"><span class=\"s1\">Le site <\/span><span class=\"s5\">www.m\u00efrage.com<\/span><span class=\"s1\"> peut \u00eatre amen\u00e9 \u00e0 utiliser le syst\u00e8me des &#8220;cookies&#8221;. Le cookie permet de vous reconna\u00eetre et ainsi de recueillir des informations sur la visite du site (temps de connexion, pages visit\u00e9es&#8230;). Il vous est possible de vous opposer \u00e0 l&#8217;enregistrement de cookies en configurant \u00e0 cet effet votre ordinateur. La sauvegarde des cookies se fait diff\u00e9remment selon le navigateur que vous utilisez. <\/span><\/p>\n<p class=\"p14\"><span class=\"s1\">Ci-dessous la proc\u00e9dure pour \u00ab Internet Explorer 6 \u00bb :<\/span><\/p>\n<ul class=\"ul1\">\n<li class=\"li3\"><span class=\"s1\">Dans la barre de menu, choisir le menu \u00ab Outils \u00bb<\/span><\/li>\n<li class=\"li3\"><span class=\"s1\">Dans le menu d\u00e9roulant, choisir Options Internet<\/span><\/li>\n<li class=\"li3\"><span class=\"s1\">Cliquer sur l&#8217;onglet G\u00e9n\u00e9ral<\/span><\/li>\n<li class=\"li3\"><span class=\"s1\">Cliquer sur le bouton Effacer les cookies de la section Fichiers internet temporaires<\/span><\/li>\n<li class=\"li3\"><span class=\"s1\">R\u00e9pondre \u00ab Oui \u00bb \u00e0 la question \u00ab Voulez-vous vraiment supprimer tous les cookies du dossier Fichiers internet temporaires \u00bb.<\/span><\/li>\n<\/ul>\n<p class=\"p3\"><span class=\"s1\">Vous pouvez \u00e9galement d\u00e9sactiver les cookies plac\u00e9s dans le cadre de l\u2019utilisation de Google Analytics en installant le module compl\u00e9mentaire fourni par Google\u00a0\u00e0 l\u2019adresse suivante:\u00a0<a href=\"https:\/\/tools.google.com\/dlpage\/gaoptout?hl=fr\">https:\/\/tools.google.com\/dlpage\/gaoptout?hl=fr<\/a>\u00a0<\/span><\/p>\n<p class=\"p3\"><span class=\"s1\">Pour plus d&#8217;informations :\u00a0<a href=\"http:\/\/www.cnil.fr\/\">http:\/\/www.cnil.fr<\/a><\/span><\/p>\n","protected":false},"excerpt":{"rendered":"<p>M\u00cfRAGE prend tr\u00e8s au s\u00e9rieux la confidentialit\u00e9 des clients. C\u2019est pourquoi M\u00cfRAGE vous demande de lire attentivement la pr\u00e9sente Politique [&hellip;]<\/p>\n","protected":false},"author":25,"featured_media":0,"parent":0,"menu_order":0,"comment_status":"closed","ping_status":"closed","template":"","meta":[],"acf":[],"_links":{"self":[{"href":"https:\/\/xn--mrage-cta.com\/en\/wp-json\/wp\/v2\/pages\/2645"}],"collection":[{"href":"https:\/\/xn--mrage-cta.com\/en\/wp-json\/wp\/v2\/pages"}],"about":[{"href":"https:\/\/xn--mrage-cta.com\/en\/wp-json\/wp\/v2\/types\/page"}],"author":[{"embeddable":true,"href":"https:\/\/xn--mrage-cta.com\/en\/wp-json\/wp\/v2\/users\/25"}],"replies":[{"embeddable":true,"href":"https:\/\/xn--mrage-cta.com\/en\/wp-json\/wp\/v2\/comments?post=2645"}],"version-history":[{"count":1,"href":"https:\/\/xn--mrage-cta.com\/en\/wp-json\/wp\/v2\/pages\/2645\/revisions"}],"predecessor-version":[{"id":2646,"href":"https:\/\/xn--mrage-cta.com\/en\/wp-json\/wp\/v2\/pages\/2645\/revisions\/2646"}],"wp:attachment":[{"href":"https:\/\/xn--mrage-cta.com\/en\/wp-json\/wp\/v2\/media?parent=2645"}],"curies":[{"name":"wp","href":"https:\/\/api.w.org\/{rel}","templated":true}]}}